{"id":103,"date":"2026-05-14T07:43:19","date_gmt":"2026-05-14T07:43:19","guid":{"rendered":"https:\/\/catarthome.com\/foglalas-megerositese\/a-foglalast-megerositettuk\/"},"modified":"2026-05-14T07:43:19","modified_gmt":"2026-05-14T07:43:19","slug":"a-foglalast-megerositettuk","status":"publish","type":"page","link":"https:\/\/catarthome.com\/de\/foglalas-megerositese\/a-foglalast-megerositettuk\/","title":{"rendered":"A foglal\u00e1st meger\u0151s\u00edtett\u00fck"},"content":{"rendered":"<div class=\"mphb_sc_booking_confirmation\"><\/div>","protected":false},"excerpt":{"rendered":"","protected":false},"author":1,"featured_media":0,"parent":102,"menu_order":0,"comment_status":"closed","ping_status":"closed","template":"","meta":{"footnotes":""},"class_list":["post-103","page","type-page","status-publish","hentry"],"_links":{"self":[{"href":"https:\/\/catarthome.com\/de\/wp-json\/wp\/v2\/pages\/103","targetHints":{"allow":["GET"]}}],"collection":[{"href":"https:\/\/catarthome.com\/de\/wp-json\/wp\/v2\/pages"}],"about":[{"href":"https:\/\/catarthome.com\/de\/wp-json\/wp\/v2\/types\/page"}],"author":[{"embeddable":true,"href":"https:\/\/catarthome.com\/de\/wp-json\/wp\/v2\/users\/1"}],"replies":[{"embeddable":true,"href":"https:\/\/catarthome.com\/de\/wp-json\/wp\/v2\/comments?post=103"}],"version-history":[{"count":0,"href":"https:\/\/catarthome.com\/de\/wp-json\/wp\/v2\/pages\/103\/revisions"}],"up":[{"embeddable":true,"href":"https:\/\/catarthome.com\/de\/wp-json\/wp\/v2\/pages\/102"}],"wp:attachment":[{"href":"https:\/\/catarthome.com\/de\/wp-json\/wp\/v2\/media?parent=103"}],"curies":[{"name":"wp","href":"https:\/\/api.w.org\/{rel}","templated":true}]}}