{"id":235,"date":"2026-05-14T13:00:58","date_gmt":"2026-05-14T13:00:58","guid":{"rendered":"https:\/\/catarthome.com\/?page_id=235"},"modified":"2026-05-15T08:55:15","modified_gmt":"2026-05-15T08:55:15","slug":"arak","status":"publish","type":"page","link":"https:\/\/catarthome.com\/de\/arak\/","title":{"rendered":"\u00c1rak"},"content":{"rendered":"<div data-elementor-type=\"wp-page\" data-elementor-id=\"235\" class=\"elementor elementor-235\" data-elementor-post-type=\"page\">\n\t\t\t\t<div class=\"elementor-element elementor-element-6ff5cbe e-flex e-con-boxed e-con e-parent\" data-id=\"6ff5cbe\" data-element_type=\"container\" data-e-type=\"container\" data-settings=\"{&quot;background_background&quot;:&quot;classic&quot;}\">\n\t\t\t\t\t<div class=\"e-con-inner\">\n\t\t\t\t\t<\/div>\n\t\t\t\t<\/div>\n\t\t<div class=\"elementor-element elementor-element-5d4c36ba e-flex e-con-boxed e-con e-parent\" data-id=\"5d4c36ba\" data-element_type=\"container\" data-e-type=\"container\">\n\t\t\t\t\t<div class=\"e-con-inner\">\n\t\t<div class=\"elementor-element elementor-element-57bb2413 e-con-full e-flex e-con e-child\" data-id=\"57bb2413\" data-element_type=\"container\" data-e-type=\"container\">\n\t\t\t\t<div class=\"elementor-element elementor-element-225ac0b8 elementor-widget elementor-widget-image\" data-id=\"225ac0b8\" data-element_type=\"widget\" data-e-type=\"widget\" data-widget_type=\"image.default\">\n\t\t\t\t\t\t\t\t\t\t\t\t\t\t\t<img fetchpriority=\"high\" decoding=\"async\" width=\"1920\" height=\"1281\" src=\"https:\/\/catarthome.com\/wp-content\/uploads\/2026\/05\/034_alba_regia_cat_art_home_tenerife_034.jpg\" class=\"attachment-full size-full wp-image-185\" alt=\"\" srcset=\"https:\/\/catarthome.com\/wp-content\/uploads\/2026\/05\/034_alba_regia_cat_art_home_tenerife_034.jpg 1920w, https:\/\/catarthome.com\/wp-content\/uploads\/2026\/05\/034_alba_regia_cat_art_home_tenerife_034-300x200.jpg 300w, https:\/\/catarthome.com\/wp-content\/uploads\/2026\/05\/034_alba_regia_cat_art_home_tenerife_034-1024x683.jpg 1024w, https:\/\/catarthome.com\/wp-content\/uploads\/2026\/05\/034_alba_regia_cat_art_home_tenerife_034-768x512.jpg 768w, https:\/\/catarthome.com\/wp-content\/uploads\/2026\/05\/034_alba_regia_cat_art_home_tenerife_034-1536x1025.jpg 1536w\" sizes=\"(max-width: 1920px) 100vw, 1920px\" \/>\t\t\t\t\t\t\t\t\t\t\t\t\t\t\t<\/div>\n\t\t\t\t<div class=\"elementor-element elementor-element-7f8497e2 elementor-widget elementor-widget-heading\" data-id=\"7f8497e2\" data-element_type=\"widget\" data-e-type=\"widget\" data-widget_type=\"heading.default\">\n\t\t\t\t\t<h2 class=\"elementor-heading-title elementor-size-default\">Cat Art Home \u2013 Tenerife, Costa Adeje<\/h2>\t\t\t\t<\/div>\n\t\t\t\t<div class=\"elementor-element elementor-element-cd73e26 elementor-position-inline-start elementor-view-default elementor-mobile-position-block-start elementor-widget elementor-widget-icon-box\" data-id=\"cd73e26\" data-element_type=\"widget\" data-e-type=\"widget\" data-widget_type=\"icon-box.default\">\n\t\t\t\t\t\t\t<div class=\"elementor-icon-box-wrapper\">\n\n\t\t\t\t\t\t<div class=\"elementor-icon-box-icon\">\n\t\t\t\t<span  class=\"elementor-icon\">\n\t\t\t\t<svg aria-hidden=\"true\" class=\"e-font-icon-svg e-fas-question-circle\" viewbox=\"0 0 512 512\" xmlns=\"http:\/\/www.w3.org\/2000\/svg\"><path d=\"M504 256c0 136.997-111.043 248-248 248S8 392.997 8 256C8 119.083 119.043 8 256 8s248 111.083 248 248zM262.655 90c-54.497 0-89.255 22.957-116.549 63.758-3.536 5.286-2.353 12.415 2.715 16.258l34.699 26.31c5.205 3.947 12.621 3.008 16.665-2.122 17.864-22.658 30.113-35.797 57.303-35.797 20.429 0 45.698 13.148 45.698 32.958 0 14.976-12.363 22.667-32.534 33.976C247.128 238.528 216 254.941 216 296v4c0 6.627 5.373 12 12 12h56c6.627 0 12-5.373 12-12v-1.333c0-28.462 83.186-29.647 83.186-106.667 0-58.002-60.165-102-116.531-102zM256 338c-25.365 0-46 20.635-46 46 0 25.364 20.635 46 46 46s46-20.636 46-46c0-25.365-20.635-46-46-46z\"><\/path><\/svg>\t\t\t\t<\/span>\n\t\t\t<\/div>\n\t\t\t\n\t\t\t\t\t\t<div class=\"elementor-icon-box-content\">\n\n\t\t\t\t\t\t\t\t\t<h3 class=\"elementor-icon-box-title\">\n\t\t\t\t\t\t<span  >\n\t\t\t\t\t\t\tKiknek aj\u00e1nljuk?\t\t\t\t\t\t<\/span>\n\t\t\t\t\t<\/h3>\n\t\t\t\t\n\t\t\t\t\t\t\t\t\t<p class=\"elementor-icon-box-description\">\n\t\t\t\t\t\tCsal\u00e1doknak - K\u00e9nyelmes eloszt\u00e1s, biztons\u00e1gos k\u00f6rnyezet \u00e9s saj\u00e1t medence \u2013 ide\u00e1lis k\u00f6z\u00f6s pihen\u00e9shez.<br>\nBar\u00e1ti t\u00e1rsas\u00e1goknak - T\u00e1gas terek, k\u00fcl\u00f6n bej\u00e1rat\u00fa st\u00fadi\u00f3 \u00e9s k\u00f6z\u00f6s \u00e9lm\u00e9nyek \u2013 egy\u00fctt, m\u00e9gis k\u00e9nyelmesen.\t\t\t\t\t<\/p>\n\t\t\t\t\n\t\t\t<\/div>\n\t\t\t\n\t\t<\/div>\n\t\t\t\t\t\t<\/div>\n\t\t\t\t<\/div>\n\t\t<div class=\"elementor-element elementor-element-297a5b74 e-con-full e-flex e-con e-child\" data-id=\"297a5b74\" data-element_type=\"container\" data-e-type=\"container\">\n\t\t<div class=\"elementor-element elementor-element-8d785d3 e-con-full jkit-sticky-element--enabled e-flex jkit-sticky-element-on--down jkit-sticky-position--sticky e-con e-child\" data-id=\"8d785d3\" data-element_type=\"container\" data-e-type=\"container\" data-settings=\"{&quot;background_background&quot;:&quot;classic&quot;,&quot;jkit_sticky_device&quot;:&quot;desktop&quot;,&quot;jkit_sticky_top_position&quot;:{&quot;unit&quot;:&quot;px&quot;,&quot;size&quot;:0,&quot;sizes&quot;:[]}}\">\n\t\t\t\t<div class=\"elementor-element elementor-element-48ca4831 elementor-widget elementor-widget-heading\" data-id=\"48ca4831\" data-element_type=\"widget\" data-e-type=\"widget\" data-widget_type=\"heading.default\">\n\t\t\t\t\t<h2 class=\"elementor-heading-title elementor-size-default\">Foglal\u00e1si felt\u00e9telek<\/h2>\t\t\t\t<\/div>\n\t\t\t\t<div class=\"elementor-element elementor-element-9b11acc elementor-widget elementor-widget-text-editor\" data-id=\"9b11acc\" data-element_type=\"widget\" data-e-type=\"widget\" data-widget_type=\"text-editor.default\">\n\t\t\t\t\t\t\t\t\t<p>A h\u00e1z maximum 6 f\u0151 r\u00e9sz\u00e9re foglalhat\u00f3. A foglal\u00e1s minim\u00e1lis hossza\u00a04 \u00e9jszaka.<\/p>\t\t\t\t\t\t\t\t<\/div>\n\t\t\t\t<div class=\"elementor-element elementor-element-065d394 elementor-widget elementor-widget-price-list\" data-id=\"065d394\" data-element_type=\"widget\" data-e-type=\"widget\" data-widget_type=\"price-list.default\">\n\t\t\t\t\t\n\t\t<ul class=\"elementor-price-list\">\n\n\t\t\t\t\t\t\t\t\t<li class=\"elementor-price-list-item\">\t\t\t\t\n\t\t\t\t<div class=\"elementor-price-list-text\">\n\t\t\t\t\t\t\t\t\t<div class=\"elementor-price-list-header\">\n\t\t\t\t\t\t\t\t\t\t\t<span class=\"elementor-price-list-title\">\n\t\t\t\t\t\t\t 2026 janu\u00e1r 7 -<br> 2026 december 19-ig\t\t\t\t\t\t<\/span>\n\t\t\t\t\t\t\t\t\t\t\t\t\t\t\t\t\t\t<span class=\"elementor-price-list-separator\"><\/span>\n\t\t\t\t\t\t\t\t\t\t\t\t\t\t\t\t\t\t\t<span class=\"elementor-price-list-price\">220 \u20ac\/ \u00e9j<\/span>\n\t\t\t\t\t\t\t\t\t\t<\/div>\n\t\t\t\t\t\t\t\t\t\t\t\t<\/div>\n\t\t\t\t<\/li>\t\t\t\t\t\t\t\t\t\t\t\t<li class=\"elementor-price-list-item\">\t\t\t\t\n\t\t\t\t<div class=\"elementor-price-list-text\">\n\t\t\t\t\t\t\t\t\t<div class=\"elementor-price-list-header\">\n\t\t\t\t\t\t\t\t\t\t\t<span class=\"elementor-price-list-title\">\n\t\t\t\t\t\t\t2026 december 20-<br> 2027 janu\u00e1r 5-ig\t\t\t\t\t\t<\/span>\n\t\t\t\t\t\t\t\t\t\t\t\t\t\t\t\t\t\t<span class=\"elementor-price-list-separator\"><\/span>\n\t\t\t\t\t\t\t\t\t\t\t\t\t\t\t\t\t\t\t<span class=\"elementor-price-list-price\">350 \u20ac\/ \u00e9j<\/span>\n\t\t\t\t\t\t\t\t\t\t<\/div>\n\t\t\t\t\t\t\t\t\t\t\t\t\t\t\t<p class=\"elementor-price-list-description\">\n\t\t\t\t\t\t\tSz\u00e1ll\u00e1s \u00e1raink 1-4 f\u0151ig , melyek a teljes h\u00e1z b\u00e9rlet\u00e9t mag\u00e1ba foglalj\u00e1k\t\t\t\t\t\t<\/p>\n\t\t\t\t\t\t\t\t<\/div>\n\t\t\t\t<\/li>\t\t\t\t\t\n\t\t<\/ul>\n\n\t\t\t\t\t\t<\/div>\n\t\t\t\t<div class=\"elementor-element elementor-element-3b2cf450 elementor-widget elementor-widget-heading\" data-id=\"3b2cf450\" data-element_type=\"widget\" data-e-type=\"widget\" data-widget_type=\"heading.default\">\n\t\t\t\t\t<h2 class=\"elementor-heading-title elementor-size-default\">Tov\u00e1bbi szem\u00e9lyek\n<\/h2>\t\t\t\t<\/div>\n\t\t\t\t<div class=\"elementor-element elementor-element-4c27c0e elementor-widget elementor-widget-price-list\" data-id=\"4c27c0e\" data-element_type=\"widget\" data-e-type=\"widget\" data-widget_type=\"price-list.default\">\n\t\t\t\t\t\n\t\t<ul class=\"elementor-price-list\">\n\n\t\t\t\t\t\t\t\t\t<li class=\"elementor-price-list-item\">\t\t\t\t\n\t\t\t\t<div class=\"elementor-price-list-text\">\n\t\t\t\t\t\t\t\t\t<div class=\"elementor-price-list-header\">\n\t\t\t\t\t\t\t\t\t\t\t<span class=\"elementor-price-list-title\">\n\t\t\t\t\t\t\t5. \u00e9s 6. szem\u00e9ly\t\t\t\t\t\t<\/span>\n\t\t\t\t\t\t\t\t\t\t\t\t\t\t\t\t\t\t<span class=\"elementor-price-list-separator\"><\/span>\n\t\t\t\t\t\t\t\t\t\t\t\t\t\t\t\t\t\t\t<span class=\"elementor-price-list-price\">15 \u20ac\/ f\u0151\/ \u00e9j<\/span>\n\t\t\t\t\t\t\t\t\t\t<\/div>\n\t\t\t\t\t\t\t\t\t\t\t\t<\/div>\n\t\t\t\t<\/li>\t\t\t\t\t\n\t\t<\/ul>\n\n\t\t\t\t\t\t<\/div>\n\t\t\t\t<div class=\"elementor-element elementor-element-53a3bd2 elementor-widget elementor-widget-heading\" data-id=\"53a3bd2\" data-element_type=\"widget\" data-e-type=\"widget\" data-widget_type=\"heading.default\">\n\t\t\t\t\t<h2 class=\"elementor-heading-title elementor-size-default\">Fel\u00e1ras szolg\u00e1ltat\u00e1s<\/h2>\t\t\t\t<\/div>\n\t\t\t\t<div class=\"elementor-element elementor-element-c71fcc1 elementor-widget elementor-widget-price-list\" data-id=\"c71fcc1\" data-element_type=\"widget\" data-e-type=\"widget\" data-widget_type=\"price-list.default\">\n\t\t\t\t\t\n\t\t<ul class=\"elementor-price-list\">\n\n\t\t\t\t\t\t\t\t\t<li class=\"elementor-price-list-item\">\t\t\t\t\n\t\t\t\t<div class=\"elementor-price-list-text\">\n\t\t\t\t\t\t\t\t\t<div class=\"elementor-price-list-header\">\n\t\t\t\t\t\t\t\t\t\t\t<span class=\"elementor-price-list-title\">\n\t\t\t\t\t\t\tMedence f\u0171t\u00e9s\t\t\t\t\t\t<\/span>\n\t\t\t\t\t\t\t\t\t\t\t\t\t\t\t\t\t\t<span class=\"elementor-price-list-separator\"><\/span>\n\t\t\t\t\t\t\t\t\t\t\t\t\t\t\t\t\t\t\t<span class=\"elementor-price-list-price\">10 \u20ac\/ nap<\/span>\n\t\t\t\t\t\t\t\t\t\t<\/div>\n\t\t\t\t\t\t\t\t\t\t\t\t<\/div>\n\t\t\t\t<\/li>\t\t\t\t\t\t\t\t\t\t\t\t<li class=\"elementor-price-list-item\">\t\t\t\t\n\t\t\t\t<div class=\"elementor-price-list-text\">\n\t\t\t\t\t\t\t\t\t<div class=\"elementor-price-list-header\">\n\t\t\t\t\t\t\t\t\t\t\t<span class=\"elementor-price-list-title\">\n\t\t\t\t\t\t\tV\u00e9gtakar\u00edt\u00e1s\t\t\t\t\t\t<\/span>\n\t\t\t\t\t\t\t\t\t\t\t\t\t\t\t\t\t\t<span class=\"elementor-price-list-separator\"><\/span>\n\t\t\t\t\t\t\t\t\t\t\t\t\t\t\t\t\t\t\t<span class=\"elementor-price-list-price\">135 \u20ac\/ foglal\u00e1s<\/span>\n\t\t\t\t\t\t\t\t\t\t<\/div>\n\t\t\t\t\t\t\t\t\t\t\t\t<\/div>\n\t\t\t\t<\/li>\t\t\t\t\t\n\t\t<\/ul>\n\n\t\t\t\t\t\t<\/div>\n\t\t\t\t<div class=\"elementor-element elementor-element-32f1938d elementor-invisible elementor-widget elementor-widget-jkit_button\" data-id=\"32f1938d\" data-element_type=\"widget\" data-e-type=\"widget\" data-settings=\"{&quot;_animation&quot;:&quot;bounceIn&quot;}\" data-widget_type=\"jkit_button.default\">\n\t\t\t\t\t<div 0 class=\"jeg-elementor-kit jkit-button 0 icon-position-after jeg_module___6a07f5d53162a\" ><a href=\"https:\/\/catarthome.com\/de\/foglalas\/\" class=\"jkit-button-wrapper\">Foglal\u00e1s<i class=\"icon-colored jki jki-arrow-up-right-line\" aria-hidden=\"true\"><\/i><\/a><\/div>\t\t\t\t<\/div>\n\t\t\t\t<\/div>\n\t\t\t\t<\/div>\n\t\t\t\t\t<\/div>\n\t\t\t\t<\/div>\n\t\t<div class=\"elementor-element elementor-element-634de427 e-flex e-con-boxed e-con e-parent\" data-id=\"634de427\" data-element_type=\"container\" data-e-type=\"container\" data-settings=\"{&quot;background_background&quot;:&quot;classic&quot;}\">\n\t\t\t\t\t<div class=\"e-con-inner\">\n\t\t<div class=\"elementor-element elementor-element-7d8484ab e-con-full e-flex elementor-invisible e-con e-child\" data-id=\"7d8484ab\" data-element_type=\"container\" data-e-type=\"container\" data-settings=\"{&quot;background_background&quot;:&quot;classic&quot;,&quot;animation&quot;:&quot;fadeInUp&quot;}\">\n\t\t\t\t<div class=\"elementor-element elementor-element-713ace2 elementor-widget elementor-widget-wp-widget-mphb_search_availability_widget\" data-id=\"713ace2\" data-element_type=\"widget\" data-e-type=\"widget\" data-widget_type=\"wp-widget-mphb_search_availability_widget.default\">\n\t\t\t\t<div class=\"elementor-widget-container\">\n\t\t\t\t\t\n<form method=\"GET\" class=\"mphb_widget_search-form is-style-horizontal-form\" action=\"https:\/\/catarthome.com\/de\/keresesi-eredmenyek\/\" data-first_available_check_in_date=\"2026-05-16\" data-trp-original-action=\"https:\/\/catarthome.com\/de\/keresesi-eredmenyek\/\">\n\t<p class=\"mphb-required-fields-tip\"><small>Erforderliche Felder werden gefolgt von <abbr title=\"required\">*<\/abbr><\/small><\/p>\n\n\t\n\t<p class=\"mphb_widget_search-check-in-date\">\n\t\t<label for=\"mphb_check_in_date-6a07f5d532a40\">\n\t\t\tAnreise:\t\t\t<abbr title=\"Formatiert als dd\/mm\/yyyy\">*<\/abbr>\n\t\t<\/label>\n\t\t<br \/>\n\t\t<input\n\t\t\tid=\"mphb_check_in_date-6a07f5d532a40\"\n\t\t\tdata-datepick-group=\"6a07f5d532a40\"\n\t\t\tvalue=\"\"\n\t\t\tplaceholder=\"Anreisedatum\"\n\t\t\trequired=\"required\"\n\t\t\ttype=\"text\"\n\t\t\tinputmode=\"none\"\n\t\t\tname=\"mphb_check_in_date\"\n\t\t\tclass=\"mphb-datepick\"\n\t\t\tautocomplete=\"off\"\/>\n\t<\/p>\n\n\t<p class=\"mphb_widget_search-check-out-date\">\n\t\t<label for=\"mphb_check_out_date-6a07f5d532a40\">\n\t\t\tAbreise:\t\t\t<abbr title=\"Formatiert als dd\/mm\/yyyy\">*<\/abbr>\n\t\t<\/label>\n\t\t<br \/>\n\t\t<input\n\t\t\tid=\"mphb_check_out_date-6a07f5d532a40\"\n\t\t\tdata-datepick-group=\"6a07f5d532a40\"\n\t\t\tvalue=\"\"\n\t\t\tplaceholder=\"Abreisedatum\"\n\t\t\trequired=\"required\"\n\t\t\ttype=\"text\"\n\t\t\tinputmode=\"none\"\n\t\t\tname=\"mphb_check_out_date\"\n\t\t\tclass=\"mphb-datepick\"\n\t\t\tautocomplete=\"off\" \/>\n\t<\/p>\n\n\t\t\t<p class=\"mphb_widget_search-adults\">\n\t\t\t<label for=\"mphb_adults-6a07f5d532a40\">\n\t\t\t\tErwachsene:\t\t\t<\/label>\n\t\t\t<br \/>\n\t\t\t<select id=\"mphb_adults-6a07f5d532a40\" name=\"mphb_adults\" >\n\t\t\t\t\t\t\t\t\t<option value=\"1\"  selected='selected'>\n\t\t\t\t\t\t1\t\t\t\t\t<\/option>\n\t\t\t\t\t\t\t\t\t<option value=\"2\" >\n\t\t\t\t\t\t2\t\t\t\t\t<\/option>\n\t\t\t\t\t\t\t\t\t<option value=\"3\" >\n\t\t\t\t\t\t3\t\t\t\t\t<\/option>\n\t\t\t\t\t\t\t\t\t<option value=\"4\" >\n\t\t\t\t\t\t4\t\t\t\t\t<\/option>\n\t\t\t\t\t\t\t\t\t<option value=\"5\" >\n\t\t\t\t\t\t5\t\t\t\t\t<\/option>\n\t\t\t\t\t\t\t\t\t<option value=\"6\" >\n\t\t\t\t\t\t6\t\t\t\t\t<\/option>\n\t\t\t\t\t\t\t<\/select>\n\t\t<\/p>\n\t\n\t\t\t<p class=\"mphb_widget_search-children\">\n\t\t\t<label for=\"mphb_children-6a07f5d532a40\">\n\t\t\t\tKinder:\t\t\t<\/label>\n\t\t\t<br \/>\n\t\t\t<select id=\"mphb_children-6a07f5d532a40\" name=\"mphb_children\">\n\t\t\t\t\t\t\t\t\t<option value=\"0\"  selected='selected'>\n\t\t\t\t\t\t0\t\t\t\t\t<\/option>\n\t\t\t\t\t\t\t\t\t<option value=\"1\" >\n\t\t\t\t\t\t1\t\t\t\t\t<\/option>\n\t\t\t\t\t\t\t\t\t<option value=\"2\" >\n\t\t\t\t\t\t2\t\t\t\t\t<\/option>\n\t\t\t\t\t\t\t\t\t<option value=\"3\" >\n\t\t\t\t\t\t3\t\t\t\t\t<\/option>\n\t\t\t\t\t\t\t\t\t<option value=\"4\" >\n\t\t\t\t\t\t4\t\t\t\t\t<\/option>\n\t\t\t\t\t\t\t\t\t<option value=\"5\" >\n\t\t\t\t\t\t5\t\t\t\t\t<\/option>\n\t\t\t\t\t\t\t<\/select>\n\t\t<\/p>\n\t\n\t\n\t\n\t<input id=\"mphb_check_in_date-6a07f5d532a40-hidden\" value=\"\" type=\"hidden\" name=\"mphb_check_in_date\" \/><input id=\"mphb_check_out_date-6a07f5d532a40-hidden\" value=\"\" type=\"hidden\" name=\"mphb_check_out_date\" \/>\n\t<p class=\"mphb_widget_search-submit-button-wrapper\">\n\t\t<input type=\"submit\" class=\"button\" value=\"Suche\"\/>\n\t<\/p>\n\n\t\n<input type=\"hidden\" name=\"trp-form-language\" value=\"de\"\/><\/form>\n\t\t\t\t<\/div>\n\t\t\t\t<\/div>\n\t\t\t\t<\/div>\n\t\t<div class=\"elementor-element elementor-element-4b0b5115 e-con-full e-flex elementor-invisible e-con e-child\" data-id=\"4b0b5115\" data-element_type=\"container\" data-e-type=\"container\" data-settings=\"{&quot;background_background&quot;:&quot;classic&quot;,&quot;animation&quot;:&quot;fadeInUp&quot;,&quot;animation_delay&quot;:200}\">\n\t\t\t\t<div class=\"elementor-element elementor-element-6527b2dc elementor-view-default elementor-position-block-start elementor-mobile-position-block-start elementor-widget elementor-widget-icon-box\" data-id=\"6527b2dc\" data-element_type=\"widget\" data-e-type=\"widget\" data-widget_type=\"icon-box.default\">\n\t\t\t\t\t\t\t<div class=\"elementor-icon-box-wrapper\">\n\n\t\t\t\t\t\t<div class=\"elementor-icon-box-icon\">\n\t\t\t\t<span  class=\"elementor-icon\">\n\t\t\t\t<svg aria-hidden=\"true\" class=\"e-font-icon-svg e-fas-calendar-alt\" viewbox=\"0 0 448 512\" xmlns=\"http:\/\/www.w3.org\/2000\/svg\"><path d=\"M0 464c0 26.5 21.5 48 48 48h352c26.5 0 48-21.5 48-48V192H0v272zm320-196c0-6.6 5.4-12 12-12h40c6.6 0 12 5.4 12 12v40c0 6.6-5.4 12-12 12h-40c-6.6 0-12-5.4-12-12v-40zm0 128c0-6.6 5.4-12 12-12h40c6.6 0 12 5.4 12 12v40c0 6.6-5.4 12-12 12h-40c-6.6 0-12-5.4-12-12v-40zM192 268c0-6.6 5.4-12 12-12h40c6.6 0 12 5.4 12 12v40c0 6.6-5.4 12-12 12h-40c-6.6 0-12-5.4-12-12v-40zm0 128c0-6.6 5.4-12 12-12h40c6.6 0 12 5.4 12 12v40c0 6.6-5.4 12-12 12h-40c-6.6 0-12-5.4-12-12v-40zM64 268c0-6.6 5.4-12 12-12h40c6.6 0 12 5.4 12 12v40c0 6.6-5.4 12-12 12H76c-6.6 0-12-5.4-12-12v-40zm0 128c0-6.6 5.4-12 12-12h40c6.6 0 12 5.4 12 12v40c0 6.6-5.4 12-12 12H76c-6.6 0-12-5.4-12-12v-40zM400 64h-48V16c0-8.8-7.2-16-16-16h-32c-8.8 0-16 7.2-16 16v48H160V16c0-8.8-7.2-16-16-16h-32c-8.8 0-16 7.2-16 16v48H48C21.5 64 0 85.5 0 112v48h448v-48c0-26.5-21.5-48-48-48z\"><\/path><\/svg>\t\t\t\t<\/span>\n\t\t\t<\/div>\n\t\t\t\n\t\t\t\t\t\t<div class=\"elementor-icon-box-content\">\n\n\t\t\t\t\t\t\t\t\t<h3 class=\"elementor-icon-box-title\">\n\t\t\t\t\t\t<span  >\n\t\t\t\t\t\t\tFoglalja le pihen\u00e9s\u00e9t!\t\t\t\t\t\t<\/span>\n\t\t\t\t\t<\/h3>\n\t\t\t\t\n\t\t\t\t\t\t\t\t\t<p class=\"elementor-icon-box-description\">\n\t\t\t\t\t\tAdd meg az \u00e9rkez\u00e9s \u00e9s t\u00e1voz\u00e1s d\u00e1tum\u00e1t, \u00e9s k\u00fcldd el foglal\u00e1si ig\u00e9nyedet, hogy megtudd, mikor van szabad hely\u00fcnk!\n\t\t\t\t\t<\/p>\n\t\t\t\t\n\t\t\t<\/div>\n\t\t\t\n\t\t<\/div>\n\t\t\t\t\t\t<\/div>\n\t\t\t\t<\/div>\n\t\t\t\t\t<\/div>\n\t\t\t\t<\/div>\n\t\t\t\t<\/div>","protected":false},"excerpt":{"rendered":"<p>Cat Art Home \u2013 Tenerife, Costa Adeje Kiknek aj\u00e1nljuk? Csal\u00e1doknak &#8211; K\u00e9nyelmes eloszt\u00e1s, biztons\u00e1gos k\u00f6rnyezet \u00e9s saj\u00e1t medence \u2013 ide\u00e1lis k\u00f6z\u00f6s pihen\u00e9shez. Bar\u00e1ti t\u00e1rsas\u00e1goknak &#8211; T\u00e1gas terek, k\u00fcl\u00f6n bej\u00e1rat\u00fa st\u00fadi\u00f3 \u00e9s k\u00f6z\u00f6s \u00e9lm\u00e9nyek \u2013 egy\u00fctt, m\u00e9gis k\u00e9nyelmesen. Foglal\u00e1si felt\u00e9telek A h\u00e1z maximum 6 f\u0151 r\u00e9sz\u00e9re foglalhat\u00f3. A foglal\u00e1s minim\u00e1lis hossza\u00a04 \u00e9jszaka. 2026 janu\u00e1r 7 &#8211; [&hellip;]<\/p>","protected":false},"author":1,"featured_media":0,"parent":0,"menu_order":0,"comment_status":"closed","ping_status":"closed","template":"","meta":{"footnotes":""},"class_list":["post-235","page","type-page","status-publish","hentry"],"_links":{"self":[{"href":"https:\/\/catarthome.com\/de\/wp-json\/wp\/v2\/pages\/235","targetHints":{"allow":["GET"]}}],"collection":[{"href":"https:\/\/catarthome.com\/de\/wp-json\/wp\/v2\/pages"}],"about":[{"href":"https:\/\/catarthome.com\/de\/wp-json\/wp\/v2\/types\/page"}],"author":[{"embeddable":true,"href":"https:\/\/catarthome.com\/de\/wp-json\/wp\/v2\/users\/1"}],"replies":[{"embeddable":true,"href":"https:\/\/catarthome.com\/de\/wp-json\/wp\/v2\/comments?post=235"}],"version-history":[{"count":16,"href":"https:\/\/catarthome.com\/de\/wp-json\/wp\/v2\/pages\/235\/revisions"}],"predecessor-version":[{"id":408,"href":"https:\/\/catarthome.com\/de\/wp-json\/wp\/v2\/pages\/235\/revisions\/408"}],"wp:attachment":[{"href":"https:\/\/catarthome.com\/de\/wp-json\/wp\/v2\/media?parent=235"}],"curies":[{"name":"wp","href":"https:\/\/api.w.org\/{rel}","templated":true}]}}