{"id":102,"date":"2026-05-14T07:43:19","date_gmt":"2026-05-14T07:43:19","guid":{"rendered":"https:\/\/catarthome.com\/foglalas-megerositese\/"},"modified":"2026-05-15T09:14:38","modified_gmt":"2026-05-15T09:14:38","slug":"foglalas-megerositese","status":"publish","type":"page","link":"https:\/\/catarthome.com\/en\/foglalas-megerositese\/","title":{"rendered":"Foglal\u00e1s meger\u0151s\u00edt\u00e9se"},"content":{"rendered":"<div data-elementor-type=\"wp-page\" data-elementor-id=\"102\" class=\"elementor elementor-102\" data-elementor-post-type=\"page\">\n\t\t\t\t<div class=\"elementor-element elementor-element-6895220 e-flex e-con-boxed e-con e-parent\" data-id=\"6895220\" data-element_type=\"container\" data-e-type=\"container\" data-settings=\"{&quot;background_background&quot;:&quot;classic&quot;}\">\n\t\t\t\t\t<div class=\"e-con-inner\">\n\t\t\t\t\t<\/div>\n\t\t\t\t<\/div>\n\t\t<div class=\"elementor-element elementor-element-5f257289 e-flex e-con-boxed e-con e-parent\" data-id=\"5f257289\" data-element_type=\"container\" data-e-type=\"container\">\n\t\t\t\t\t<div class=\"e-con-inner\">\n\t\t\t\t<div class=\"elementor-element elementor-element-572456b5 elementor-widget elementor-widget-shortcode\" data-id=\"572456b5\" data-element_type=\"widget\" data-e-type=\"widget\" data-widget_type=\"shortcode.default\">\n\t\t\t\t\t\t\t<div class=\"elementor-shortcode\"><div class=\"mphb_sc_checkout-wrapper\"><\/div><\/div>\n\t\t\t\t\t\t<\/div>\n\t\t\t\t\t<\/div>\n\t\t\t\t<\/div>\n\t\t\t\t<\/div>","protected":false},"excerpt":{"rendered":"","protected":false},"author":1,"featured_media":0,"parent":0,"menu_order":0,"comment_status":"closed","ping_status":"closed","template":"","meta":{"footnotes":""},"class_list":["post-102","page","type-page","status-publish","hentry"],"_links":{"self":[{"href":"https:\/\/catarthome.com\/en\/wp-json\/wp\/v2\/pages\/102","targetHints":{"allow":["GET"]}}],"collection":[{"href":"https:\/\/catarthome.com\/en\/wp-json\/wp\/v2\/pages"}],"about":[{"href":"https:\/\/catarthome.com\/en\/wp-json\/wp\/v2\/types\/page"}],"author":[{"embeddable":true,"href":"https:\/\/catarthome.com\/en\/wp-json\/wp\/v2\/users\/1"}],"replies":[{"embeddable":true,"href":"https:\/\/catarthome.com\/en\/wp-json\/wp\/v2\/comments?post=102"}],"version-history":[{"count":6,"href":"https:\/\/catarthome.com\/en\/wp-json\/wp\/v2\/pages\/102\/revisions"}],"predecessor-version":[{"id":432,"href":"https:\/\/catarthome.com\/en\/wp-json\/wp\/v2\/pages\/102\/revisions\/432"}],"wp:attachment":[{"href":"https:\/\/catarthome.com\/en\/wp-json\/wp\/v2\/media?parent=102"}],"curies":[{"name":"wp","href":"https:\/\/api.w.org\/{rel}","templated":true}]}}