{"id":443,"date":"2026-05-15T10:11:51","date_gmt":"2026-05-15T10:11:51","guid":{"rendered":"https:\/\/catarthome.com\/?page_id=443"},"modified":"2026-05-15T10:11:51","modified_gmt":"2026-05-15T10:11:51","slug":"adatkezelesi-tajekoztato","status":"publish","type":"page","link":"https:\/\/catarthome.com\/es\/adatkezelesi-tajekoztato\/","title":{"rendered":"Informaci\u00f3n sobre el procesamiento de datos"},"content":{"rendered":"<h2 data-section-id=\"1asjmth\" data-start=\"219\" data-end=\"247\">1. Az adatkezel\u0151 adatai<\/h2>\n<p data-start=\"248\" data-end=\"398\">Adatkezel\u0151 neve: Alba Regia Cat Art Home<br data-start=\"288\" data-end=\"291\" \/>Kapcsolattart\u00f3: Judit<br data-start=\"312\" data-end=\"315\" \/>E-mail: info@catarthome.com<br data-start=\"334\" data-end=\"337\" \/>Telefonsz\u00e1m: +36209369900<br data-start=\"363\" data-end=\"366\" \/>Sz\u00e9khely \/ levelez\u00e9si c\u00edm: Calle Finlandia, 5 38660 Costa Adeje, Santa Cruz de Tenerife<\/p>\n<hr data-start=\"400\" data-end=\"403\" \/>\n<h2 data-section-id=\"143y6rc\" data-start=\"405\" data-end=\"433\">2. Az adatkezel\u00e9s c\u00e9lja<\/h2>\n<p data-start=\"435\" data-end=\"458\">Az adatkezel\u00e9s c\u00e9lja:<\/p>\n<ul data-start=\"459\" data-end=\"645\">\n<li data-section-id=\"1bqdock\" data-start=\"459\" data-end=\"515\">kapcsolatfelv\u00e9tel biztos\u00edt\u00e1sa a weboldalon kereszt\u00fcl<\/li>\n<li data-section-id=\"q1dx82\" data-start=\"516\" data-end=\"565\">sz\u00e1ll\u00e1sfoglal\u00e1sok kezel\u00e9se \u00e9s visszaigazol\u00e1sa<\/li>\n<li data-section-id=\"13nogbj\" data-start=\"566\" data-end=\"601\">a vend\u00e9gekkel val\u00f3 kommunik\u00e1ci\u00f3<\/li>\n<li data-section-id=\"8vatdf\" data-start=\"602\" data-end=\"645\">jogszab\u00e1lyi k\u00f6telezetts\u00e9gek teljes\u00edt\u00e9se<\/li>\n<\/ul>\n<hr data-start=\"647\" data-end=\"650\" \/>\n<h2 data-section-id=\"1azpzxr\" data-start=\"652\" data-end=\"678\">3. Kezelt adatok k\u00f6re<\/h2>\n<h3 data-section-id=\"my2ud3\" data-start=\"680\" data-end=\"708\">Kapcsolati \u0171rlap eset\u00e9n:<\/h3>\n<ul data-start=\"709\" data-end=\"780\">\n<li data-section-id=\"167g14p\" data-start=\"709\" data-end=\"716\">n\u00e9v<\/li>\n<li data-section-id=\"1dv3w2y\" data-start=\"717\" data-end=\"731\">e-mail c\u00edm<\/li>\n<li data-section-id=\"73cz9s\" data-start=\"732\" data-end=\"760\">telefonsz\u00e1m (opcion\u00e1lis)<\/li>\n<li data-section-id=\"1wb6me\" data-start=\"761\" data-end=\"780\">\u00fczenet tartalma<\/li>\n<\/ul>\n<h3 data-section-id=\"1nn83ti\" data-start=\"782\" data-end=\"809\">Foglal\u00e1si \u0171rlap eset\u00e9n:<\/h3>\n<ul data-start=\"810\" data-end=\"929\">\n<li data-section-id=\"167g14p\" data-start=\"810\" data-end=\"817\">n\u00e9v<\/li>\n<li data-section-id=\"1dv3w2y\" data-start=\"818\" data-end=\"832\">e-mail c\u00edm<\/li>\n<li data-section-id=\"542vn6\" data-start=\"833\" data-end=\"848\">telefonsz\u00e1m<\/li>\n<li data-section-id=\"ej52dm\" data-start=\"849\" data-end=\"879\">\u00e9rkez\u00e9si \u00e9s t\u00e1voz\u00e1si d\u00e1tum<\/li>\n<li data-section-id=\"1399zf9\" data-start=\"880\" data-end=\"898\">vend\u00e9gek sz\u00e1ma<\/li>\n<li data-section-id=\"3xeigv\" data-start=\"899\" data-end=\"929\">egy\u00e9b megadott inform\u00e1ci\u00f3k<\/li>\n<\/ul>\n<hr data-start=\"931\" data-end=\"934\" \/>\n<h2 data-section-id=\"nfvg6e\" data-start=\"936\" data-end=\"968\">4. Az adatkezel\u00e9s jogalapja<\/h2>\n<p data-start=\"970\" data-end=\"997\">Az adatkezel\u00e9s jogalapja:<\/p>\n<ul data-start=\"998\" data-end=\"1228\">\n<li data-section-id=\"gsihk4\" data-start=\"998\" data-end=\"1054\">az \u00e9rintett hozz\u00e1j\u00e1rul\u00e1sa (GDPR 6. cikk (1) a) pont)<\/li>\n<li data-section-id=\"19sxunk\" data-start=\"1055\" data-end=\"1145\">szerz\u0151d\u00e9s teljes\u00edt\u00e9se vagy szerz\u0151d\u00e9sk\u00f6t\u00e9st megel\u0151z\u0151 l\u00e9p\u00e9sek (GDPR 6. cikk (1) b) pont)<\/li>\n<li data-section-id=\"1dmcr7h\" data-start=\"1146\" data-end=\"1228\">jogi k\u00f6telezetts\u00e9g teljes\u00edt\u00e9se (pl. sz\u00e1ml\u00e1z\u00e1s eset\u00e9n) (GDPR 6. cikk (1) c) pont)<\/li>\n<\/ul>\n<hr data-start=\"1230\" data-end=\"1233\" \/>\n<h2 data-section-id=\"1b54ps\" data-start=\"1235\" data-end=\"1275\">5. Az adatok t\u00e1rol\u00e1s\u00e1nak id\u0151tartama<\/h2>\n<ul data-start=\"1277\" data-end=\"1499\">\n<li data-section-id=\"uvii86\" data-start=\"1277\" data-end=\"1327\">Kapcsolati \u0171rlap adatai: legfeljebb 12 h\u00f3napig<\/li>\n<li data-section-id=\"6j9utz\" data-start=\"1328\" data-end=\"1434\">Foglal\u00e1si adatok: a tart\u00f3zkod\u00e1st k\u00f6vet\u0151en legfeljebb 5 \u00e9vig (sz\u00e1mviteli \u00e9s jogi k\u00f6telezetts\u00e9gek miatt)<\/li>\n<li data-section-id=\"1b643zy\" data-start=\"1435\" data-end=\"1499\">Hozz\u00e1j\u00e1rul\u00e1son alapul\u00f3 adatok: a hozz\u00e1j\u00e1rul\u00e1s visszavon\u00e1s\u00e1ig<\/li>\n<\/ul>\n<hr data-start=\"1501\" data-end=\"1504\" \/>\n<h2 data-section-id=\"zkm2le\" data-start=\"1506\" data-end=\"1547\">6. Adattov\u00e1bb\u00edt\u00e1s \u00e9s adatfeldolgoz\u00f3k<\/h2>\n<p data-start=\"1549\" data-end=\"1643\">Az adatkezel\u0151 a szolg\u00e1ltat\u00e1s m\u0171k\u00f6dtet\u00e9se \u00e9rdek\u00e9ben adatfeldolgoz\u00f3kat vehet ig\u00e9nybe, p\u00e9ld\u00e1ul:<\/p>\n<ul data-start=\"1644\" data-end=\"1751\">\n<li data-section-id=\"50jait\" data-start=\"1644\" data-end=\"1666\">t\u00e1rhelyszolg\u00e1ltat\u00f3<\/li>\n<li data-section-id=\"18akscb\" data-start=\"1667\" data-end=\"1689\">e-mail szolg\u00e1ltat\u00f3<\/li>\n<li data-section-id=\"157carg\" data-start=\"1690\" data-end=\"1751\">weboldal m\u0171k\u00f6dtet\u00e9s\u00e9hez kapcsol\u00f3d\u00f3 technikai szolg\u00e1ltat\u00f3k<\/li>\n<\/ul>\n<p data-start=\"1753\" data-end=\"1849\">Az adatok harmadik f\u00e9l r\u00e9sz\u00e9re kiz\u00e1r\u00f3lag jogszab\u00e1lyi k\u00f6telezetts\u00e9g eset\u00e9n ker\u00fclnek tov\u00e1bb\u00edt\u00e1sra.<\/p>\n<hr data-start=\"1851\" data-end=\"1854\" \/>\n<h2 data-section-id=\"1ii821v\" data-start=\"1856\" data-end=\"1884\">7. Az adatok biztons\u00e1ga<\/h2>\n<p data-start=\"1886\" data-end=\"2101\">Az adatkezel\u0151 minden sz\u00fcks\u00e9ges technikai \u00e9s szervez\u00e9si int\u00e9zked\u00e9st megtesz annak \u00e9rdek\u00e9ben, hogy a szem\u00e9lyes adatokat v\u00e9dje az illet\u00e9ktelen hozz\u00e1f\u00e9r\u00e9st\u0151l, megv\u00e1ltoztat\u00e1st\u00f3l, nyilv\u00e1noss\u00e1gra hozatalt\u00f3l vagy t\u00f6rl\u00e9st\u0151l.<\/p>\n<hr data-start=\"2103\" data-end=\"2106\" \/>\n<h2 data-section-id=\"iawk69\" data-start=\"2108\" data-end=\"2135\">8. Az \u00e9rintettek jogai<\/h2>\n<p data-start=\"2137\" data-end=\"2160\">Az \u00e9rintett jogosult:<\/p>\n<ul data-start=\"2161\" data-end=\"2400\">\n<li data-section-id=\"vwn0vn\" data-start=\"2161\" data-end=\"2202\">t\u00e1j\u00e9koztat\u00e1st k\u00e9rni az adatkezel\u00e9sr\u0151l<\/li>\n<li data-section-id=\"wws3cs\" data-start=\"2203\" data-end=\"2233\">hozz\u00e1f\u00e9rni saj\u00e1t adataihoz<\/li>\n<li data-section-id=\"10bkgb9\" data-start=\"2234\" data-end=\"2264\">k\u00e9rni adatai helyesb\u00edt\u00e9s\u00e9t<\/li>\n<li data-section-id=\"15e684c\" data-start=\"2265\" data-end=\"2290\">k\u00e9rni adatai t\u00f6rl\u00e9s\u00e9t<\/li>\n<li data-section-id=\"e1mmdq\" data-start=\"2291\" data-end=\"2328\">k\u00e9rni az adatkezel\u00e9s korl\u00e1toz\u00e1s\u00e1t<\/li>\n<li data-section-id=\"1x0us0n\" data-start=\"2329\" data-end=\"2364\">tiltakozni az adatkezel\u00e9s ellen<\/li>\n<li data-section-id=\"1c131dm\" data-start=\"2365\" data-end=\"2400\">k\u00e9rni az adatok hordozhat\u00f3s\u00e1g\u00e1t<\/li>\n<\/ul>\n<p data-start=\"2402\" data-end=\"2466\">Az \u00e9rintett a jogait az adatkezel\u0151 el\u00e9rhet\u0151s\u00e9gein gyakorolhatja.<\/p>\n<hr data-start=\"2468\" data-end=\"2471\" \/>\n<h2 data-section-id=\"frgmrp\" data-start=\"2473\" data-end=\"2505\">9. Jogorvoslati lehet\u0151s\u00e9gek<\/h2>\n<p data-start=\"2507\" data-end=\"2670\">Amennyiben az \u00e9rintett \u00fagy v\u00e9li, hogy az adatkezel\u00e9s nem felel meg a jogszab\u00e1lyoknak, panaszt tehet a Nemzeti Adatv\u00e9delmi \u00e9s Inform\u00e1ci\u00f3szabads\u00e1g Hat\u00f3s\u00e1gn\u00e1l (NAIH):<\/p>\n<p data-start=\"2672\" data-end=\"2800\">N\u00e9v: Nemzeti Adatv\u00e9delmi \u00e9s Inform\u00e1ci\u00f3szabads\u00e1g Hat\u00f3s\u00e1g<br data-start=\"2727\" data-end=\"2730\" \/>C\u00edm: 1055 Budapest, Falk Miksa utca 9-11.<br data-start=\"2771\" data-end=\"2774\" \/>Web: <a class=\"decorated-link\" href=\"https:\/\/www.naih.hu\" target=\"_new\" rel=\"noopener\" data-start=\"2779\" data-end=\"2798\">https:\/\/www.naih.hu<\/a><\/p>\n<hr data-start=\"2802\" data-end=\"2805\" \/>\n<h2 data-section-id=\"1de1rim\" data-start=\"2807\" data-end=\"2835\">10. Egy\u00e9b rendelkez\u00e9sek<\/h2>\n<p data-start=\"2837\" data-end=\"2953\">Az adatkezel\u0151 fenntartja a jogot a jelen t\u00e1j\u00e9koztat\u00f3 m\u00f3dos\u00edt\u00e1s\u00e1ra. Az aktu\u00e1lis verzi\u00f3 mindig a weboldalon \u00e9rhet\u0151 el.<\/p>","protected":false},"excerpt":{"rendered":"<p>1. Az adatkezel\u0151 adatai Adatkezel\u0151 neve: Alba Regia Cat Art HomeKapcsolattart\u00f3: JuditE-mail: info@catarthome.comTelefonsz\u00e1m: +36209369900Sz\u00e9khely \/ levelez\u00e9si c\u00edm: Calle Finlandia, 5 38660 Costa Adeje, Santa Cruz de Tenerife 2. Az adatkezel\u00e9s c\u00e9lja Az adatkezel\u00e9s c\u00e9lja: kapcsolatfelv\u00e9tel biztos\u00edt\u00e1sa a weboldalon kereszt\u00fcl sz\u00e1ll\u00e1sfoglal\u00e1sok kezel\u00e9se \u00e9s visszaigazol\u00e1sa a vend\u00e9gekkel val\u00f3 kommunik\u00e1ci\u00f3 jogszab\u00e1lyi k\u00f6telezetts\u00e9gek teljes\u00edt\u00e9se 3. Kezelt adatok k\u00f6re Kapcsolati [&hellip;]<\/p>","protected":false},"author":1,"featured_media":0,"parent":0,"menu_order":0,"comment_status":"closed","ping_status":"closed","template":"","meta":{"footnotes":""},"class_list":["post-443","page","type-page","status-publish","hentry"],"_links":{"self":[{"href":"https:\/\/catarthome.com\/es\/wp-json\/wp\/v2\/pages\/443","targetHints":{"allow":["GET"]}}],"collection":[{"href":"https:\/\/catarthome.com\/es\/wp-json\/wp\/v2\/pages"}],"about":[{"href":"https:\/\/catarthome.com\/es\/wp-json\/wp\/v2\/types\/page"}],"author":[{"embeddable":true,"href":"https:\/\/catarthome.com\/es\/wp-json\/wp\/v2\/users\/1"}],"replies":[{"embeddable":true,"href":"https:\/\/catarthome.com\/es\/wp-json\/wp\/v2\/comments?post=443"}],"version-history":[{"count":1,"href":"https:\/\/catarthome.com\/es\/wp-json\/wp\/v2\/pages\/443\/revisions"}],"predecessor-version":[{"id":447,"href":"https:\/\/catarthome.com\/es\/wp-json\/wp\/v2\/pages\/443\/revisions\/447"}],"wp:attachment":[{"href":"https:\/\/catarthome.com\/es\/wp-json\/wp\/v2\/media?parent=443"}],"curies":[{"name":"wp","href":"https:\/\/api.w.org\/{rel}","templated":true}]}}